{"id":31,"date":"2017-12-28T14:31:51","date_gmt":"2017-12-28T14:31:51","guid":{"rendered":"http:\/\/casilladelpinar.com\/?page_id=31"},"modified":"2024-04-07T21:32:54","modified_gmt":"2024-04-07T21:32:54","slug":"instalaciones","status":"publish","type":"page","link":"https:\/\/casilladelpinar.com\/?page_id=31","title":{"rendered":"INSTALACIONES"},"content":{"rendered":"<p>La casa dispone de 3 habitaciones dobles, sal\u00f3n comedor con sof\u00e1-cama, cocina-comedor, dos ba\u00f1os completos, \u00e1rea de juegos infantiles, pista de petanca, barbacoa, huerto, porche, terraza, zona de aparcamiento con toma para recarga de coche el\u00e9ctrico (toma Schuko dom\u00e9stica),&nbsp; zona de acampada, y pinar particular de m\u00e1s de 10.000 metros cuadrados, vallado y apto para mascotas.<\/p>\n<p>&nbsp;<\/p>\n<p>ngg_shortcode_0_placeholder<iframe loading=\"lazy\" src=\"https:\/\/www.youtube.com\/embed\/JJ0LltAJHNo\" width=\"800\" height=\"430\" frameborder=\"0\" allowfullscreen=\"allowfullscreen\"><\/iframe><\/p>\n","protected":false},"excerpt":{"rendered":"<p>La casa dispone de 3 habitaciones dobles, sal\u00f3n comedor con sof\u00e1-cama, cocina-comedor, dos ba\u00f1os completos, \u00e1rea de juegos infantiles, pista de petanca, barbacoa, huerto, porche, terraza, zona de aparcamiento con toma para recarga de coche el\u00e9ctrico (toma Schuko dom\u00e9stica),&nbsp; zona de acampada, y pinar particular de m\u00e1s de 10.000 metros cuadrados, vallado y apto para mascotas. &nbsp;<\/p>\n","protected":false},"author":1,"featured_media":0,"parent":0,"menu_order":0,"comment_status":"closed","ping_status":"closed","template":"","meta":{"ngg_post_thumbnail":0,"footnotes":""},"class_list":["post-31","page","type-page","status-publish","hentry"],"_links":{"self":[{"href":"https:\/\/casilladelpinar.com\/index.php?rest_route=\/wp\/v2\/pages\/31","targetHints":{"allow":["GET"]}}],"collection":[{"href":"https:\/\/casilladelpinar.com\/index.php?rest_route=\/wp\/v2\/pages"}],"about":[{"href":"https:\/\/casilladelpinar.com\/index.php?rest_route=\/wp\/v2\/types\/page"}],"author":[{"embeddable":true,"href":"https:\/\/casilladelpinar.com\/index.php?rest_route=\/wp\/v2\/users\/1"}],"replies":[{"embeddable":true,"href":"https:\/\/casilladelpinar.com\/index.php?rest_route=%2Fwp%2Fv2%2Fcomments&post=31"}],"version-history":[{"count":14,"href":"https:\/\/casilladelpinar.com\/index.php?rest_route=\/wp\/v2\/pages\/31\/revisions"}],"predecessor-version":[{"id":359,"href":"https:\/\/casilladelpinar.com\/index.php?rest_route=\/wp\/v2\/pages\/31\/revisions\/359"}],"wp:attachment":[{"href":"https:\/\/casilladelpinar.com\/index.php?rest_route=%2Fwp%2Fv2%2Fmedia&parent=31"}],"curies":[{"name":"wp","href":"https:\/\/api.w.org\/{rel}","templated":true}]}}