{"id":34,"date":"2017-12-28T14:37:31","date_gmt":"2017-12-28T14:37:31","guid":{"rendered":"http:\/\/casilladelpinar.com\/?page_id=34"},"modified":"2026-01-13T19:37:34","modified_gmt":"2026-01-13T19:37:34","slug":"tarifas","status":"publish","type":"page","link":"https:\/\/casilladelpinar.com\/?page_id=34","title":{"rendered":"TARIFAS"},"content":{"rendered":"<h3><span style=\"color: #993300;\">PRECIOS<br><\/span><\/h3>\n<p>N\u00ba de habitaciones: 3 dobles.<\/p>\n<p>Abierta todo el a\u00f1o.<\/p>\n<ul>\n<li>TEMPORADA BAJA: <strong>(del 15 de septiembre al 31 de mayo):<\/strong> 250\u20ac\/noche, casa completa para 6 personas, excepto fechas especiales (ver calendario de fechas especiales a continuaci\u00f3n). Ver a continuaci\u00f3n las condiciones a tener en cuenta.<\/li>\n<li>TEMPORADA ALTA (del 1 de junio al 15 de septiembre): 280\u20ac\/noche casa completa para 6 personas. Ver a continuaci\u00f3n las condiciones a tener en cuenta.<\/li>\n<li>FECHAS ESPECIALES: 280\u20ac\/noche casa completa para 6 personas. Ver a continuaci\u00f3n las condiciones a tener en cuenta.<\/li>\n<li>Descuentos en estancias de m\u00e1s de 3 noches (Consultar)<\/li>\n<\/ul>\n<p><strong>FECHAS ESPECIALES<\/strong>: PUENTE DEL PILAR, PUENTE DEL 1 DE NOV, PUENTE DE CONSTITUCI\u00d3N E INMACULADA, NAVIDAD Y REYES, PUENTE DE SAN JOS\u00c9, SEMANA SANTA, SAN JORGE, PUENTE DE SAN VALERO (29 ENERO), PUENTE DEL 1 DE MAYO, PUENTE DEL CORPUS.<\/p>\n<h4>CONDICIONES A TENER EN CUENTA:<\/h4>\n<ul>\n<li>Los precios son para una ocupaci\u00f3n de 6 personas, la casa completa, y por d\u00eda. (No se comparte con otros, ni se contrata por habitaciones).&nbsp;<\/li>\n<li>El precio incluye el uso de todas las instalaciones, incluido la barbacoa, parrillas y la le\u00f1a necesaria para una barbacoa.&nbsp;<\/li>\n<li>La vivienda puede acoger m\u00e1s de 6 personas: Hasta 8 personas en su interior, y a m\u00e1s personas en acampada libre. <strong>Para m\u00e1s de 6 personas consultar precios<\/strong><\/li>\n<li>Se admiten MASCOTAS. (Consultar precio)<\/li>\n<li>Disponemos de cunas para beb\u00e9s (GRATUITO)<\/li>\n<li>Aparcamiento GRATUITO con enchufe dom\u00e9stico Schuko para carga de veh\u00edculo el\u00e9ctrico.<\/li>\n<li>Parque infantil, columpios, bicicletas para ni\u00f1os, \u00e1rea de juegos, (GRATUITO)<\/li>\n<li>Amplia zona para acampada libre, zona de esparcimiento de perros y otras mascotas<\/li>\n<\/ul>\n<p>Si lo desea puede rellenar este <a href=\"http:\/\/casilladelpinar.com\/?page_id=9\">FORMULARIO<\/a> . Le contestaremos lo m\u00e1s pronto posible.<\/p>\n\n\n<figure class=\"wp-block-image\"><img loading=\"lazy\" decoding=\"async\" width=\"1024\" height=\"768\" src=\"http:\/\/casilladelpinar.com\/wp-content\/uploads\/2020\/07\/PARRA-1024x768.jpg\" alt=\"\" class=\"wp-image-243\" srcset=\"https:\/\/casilladelpinar.com\/wp-content\/uploads\/2020\/07\/PARRA-1024x768.jpg 1024w, https:\/\/casilladelpinar.com\/wp-content\/uploads\/2020\/07\/PARRA-300x225.jpg 300w, https:\/\/casilladelpinar.com\/wp-content\/uploads\/2020\/07\/PARRA-768x576.jpg 768w, https:\/\/casilladelpinar.com\/wp-content\/uploads\/2020\/07\/PARRA-624x468.jpg 624w, https:\/\/casilladelpinar.com\/wp-content\/uploads\/2020\/07\/PARRA.jpg 1280w\" sizes=\"auto, (max-width: 1024px) 100vw, 1024px\" \/><\/figure>\n","protected":false},"excerpt":{"rendered":"<p>PRECIOS N\u00ba de habitaciones: 3 dobles. Abierta todo el a\u00f1o. TEMPORADA BAJA: (del 15 de septiembre al 31 de mayo): 250\u20ac\/noche, casa completa para 6 personas, excepto fechas especiales (ver calendario de fechas especiales a continuaci\u00f3n). Ver a continuaci\u00f3n las condiciones a tener en cuenta. TEMPORADA ALTA (del 1 de junio al 15 de septiembre): 280\u20ac\/noche casa completa para 6&#8230; <a href=\"https:\/\/casilladelpinar.com\/?page_id=34\">Leer m\u00e1s &raquo;<\/a><\/p>\n","protected":false},"author":1,"featured_media":0,"parent":0,"menu_order":0,"comment_status":"closed","ping_status":"closed","template":"","meta":{"ngg_post_thumbnail":0,"footnotes":""},"class_list":["post-34","page","type-page","status-publish","hentry"],"_links":{"self":[{"href":"https:\/\/casilladelpinar.com\/index.php?rest_route=\/wp\/v2\/pages\/34","targetHints":{"allow":["GET"]}}],"collection":[{"href":"https:\/\/casilladelpinar.com\/index.php?rest_route=\/wp\/v2\/pages"}],"about":[{"href":"https:\/\/casilladelpinar.com\/index.php?rest_route=\/wp\/v2\/types\/page"}],"author":[{"embeddable":true,"href":"https:\/\/casilladelpinar.com\/index.php?rest_route=\/wp\/v2\/users\/1"}],"replies":[{"embeddable":true,"href":"https:\/\/casilladelpinar.com\/index.php?rest_route=%2Fwp%2Fv2%2Fcomments&post=34"}],"version-history":[{"count":30,"href":"https:\/\/casilladelpinar.com\/index.php?rest_route=\/wp\/v2\/pages\/34\/revisions"}],"predecessor-version":[{"id":376,"href":"https:\/\/casilladelpinar.com\/index.php?rest_route=\/wp\/v2\/pages\/34\/revisions\/376"}],"wp:attachment":[{"href":"https:\/\/casilladelpinar.com\/index.php?rest_route=%2Fwp%2Fv2%2Fmedia&parent=34"}],"curies":[{"name":"wp","href":"https:\/\/api.w.org\/{rel}","templated":true}]}}