{"id":52,"date":"2017-12-29T07:14:23","date_gmt":"2017-12-29T07:14:23","guid":{"rendered":"http:\/\/casilladelpinar.com\/?page_id=52"},"modified":"2026-02-09T07:33:40","modified_gmt":"2026-02-09T07:33:40","slug":"actividades-y-rutas","status":"publish","type":"page","link":"https:\/\/casilladelpinar.com\/?page_id=52","title":{"rendered":"ACTIVIDADES Y RUTAS"},"content":{"rendered":"<p>Por su emplazamiento privilegiado, en la casilla se&nbsp; disfruta de la tranquilidad&nbsp;y la naturaleza.&nbsp; En verano las noches son frescas y estrelladas. En oto\u00f1o florece el azafr\u00e1n y es un lugar id\u00f3neo para recoger setas.&nbsp;<img loading=\"lazy\" decoding=\"async\" class=\" wp-image-58 aligncenter\" src=\"http:\/\/casilladelpinar.com\/wp-content\/uploads\/2017\/12\/setas-300x198.jpg\" alt=\"setas\" width=\"344\" height=\"227\" srcset=\"https:\/\/casilladelpinar.com\/wp-content\/uploads\/2017\/12\/setas-300x198.jpg 300w, https:\/\/casilladelpinar.com\/wp-content\/uploads\/2017\/12\/setas-624x411.jpg 624w, https:\/\/casilladelpinar.com\/wp-content\/uploads\/2017\/12\/setas.jpg 640w\" sizes=\"auto, (max-width: 344px) 100vw, 344px\" \/><\/p>\n<h3>RUTAS EN COCHE:<\/h3>\n<ul>\n<li><a href=\"http:\/\/monasteriopiedra.com\/\">Monasterio de Piedra,<\/a> ruta por las Hoces del Piedra (a unos 60Km de Daroca)<\/li>\n<li>Migraci\u00f3n de las grullas.&nbsp;<a href=\"http:\/\/turismo.comarcadedaroca.com\/Reserva_Natural_De_La_Laguna_De_Gallocanta.htm\">Laguna de Gallocanta&nbsp;<\/a>(a 25Km)<\/li>\n<li><a href=\"http:\/\/www.anento.es\/\">Anento<\/a>, uno de los pueblos m\u00e1s bonitos de Espa\u00f1a. (12 Km)<\/li>\n<li><a href=\"https:\/\/www.molinadearagonturismo.es\/\" target=\"_blank\" rel=\"noopener\">Molina de Arag\u00f3n<\/a> y <a href=\"https:\/\/alto-tajo.com\/\" target=\"_blank\" rel=\"noopener\">Parque Natural del alto Tajo<\/a>&nbsp;(a unos 60 Km de Daroca)<\/li>\n<li>Ruta de arte e historia:&nbsp;<a href=\"http:\/\/www.fundacionfuendetodosgoya.org\/\">Fuendetodos<\/a>, casa natal de Goya y <a href=\"https:\/\/belchite.es\/\" target=\"_blank\" rel=\"noopener\">Belchite<\/a>. (a 60Km)<\/li>\n<li>&nbsp;<a href=\"http:\/\/www.rutadelvinocampodecarinena.com\/\">Ruta del vino. Campo de Cari\u00f1ena.<\/a>&nbsp;Visita a bodegas y Museo del vino. (a 40Km)<\/li>\n<li>Aguar\u00f3n,&nbsp; <a href=\"https:\/\/www.facebook.com\/LaCasaDelGaitero\/?locale=es_ES\" target=\"_blank\" rel=\"noopener\">Museo casa del gaitero<\/a> (museo de instrumentos musicales), Sierra de Algair\u00e9n<\/li>\n<li>Ribera del Jiloca y&nbsp;<a href=\"http:\/\/www.calatayud.es\/\">Calatayud&nbsp;<\/a>(40km)<\/li>\n<li>&nbsp;&nbsp;(a 80Km)<\/li>\n<li><a href=\"https:\/\/www.zaragoza.es\/ciudad\/turismo\/\">Zaragoza<\/a>. Ciudad monumental y de compras (80Km)<\/li>\n<li><a href=\"https:\/\/www.turismodearagon.com\/ficha\/teruel\/\" target=\"_blank\" rel=\"noopener\">Teruel<\/a>&nbsp;y&nbsp;<a href=\"http:\/\/www.albarracin.es\/\">Albarrac\u00edn<\/a>&nbsp;(100Km)<\/li>\n<li><a href=\"http:\/\/www.ojosnegros.es\/\">Ojos Negros<\/a>&nbsp;(minas y molino) y&nbsp;<a href=\"http:\/\/www.peracense.es\/\">Castillo de Peracense&nbsp;<\/a>(70 Km)<\/li>\n<li><a href=\"http:\/\/www.aragonmudejar.com\/mapgen\/cadaroca.htm\">Ruta \u00abArag\u00f3n Mudejar\u00bb<\/a><\/li>\n<\/ul>\n<div id=\"attachment_60\" style=\"width: 397px\" class=\"wp-caption aligncenter\"><img loading=\"lazy\" decoding=\"async\" aria-describedby=\"caption-attachment-60\" class=\"wp-image-60\" src=\"http:\/\/casilladelpinar.com\/wp-content\/uploads\/2017\/12\/anento.jpg\" alt=\"anento\" width=\"387\" height=\"258\"><p id=\"caption-attachment-60\" class=\"wp-caption-text\">\u00abAguallueve\u00bb en Anento<\/p><\/div>\n<p>&nbsp;<\/p>\n<div id=\"attachment_61\" style=\"width: 396px\" class=\"wp-caption aligncenter\"><img loading=\"lazy\" decoding=\"async\" aria-describedby=\"caption-attachment-61\" class=\"wp-image-61\" title=\"Grullas en la Laguna de Gallocanta\" src=\"http:\/\/casilladelpinar.com\/wp-content\/uploads\/2017\/12\/grullas.jpg\" alt=\"grullas\" width=\"386\" height=\"257\"><p id=\"caption-attachment-61\" class=\"wp-caption-text\">Grullas en la Laguna de Gallocanta<\/p><\/div>\n<h3>RUTAS EN BICICLETA O A PIE<\/h3>\n<ul>\n<li><a href=\"https:\/\/es.wikiloc.com\/rutas-senderismo\/rambla-del-punzon-reventon-escalerillas-21022919?fbclid=IwAR3WO4aWn_NIFR6247VpawBi9qJ0Q7HwPusvlopova1GmoHWZZICK-lGLdI\">Ruta senderista&nbsp; a pie Rambla del Punz\u00f3n-Revent\u00f3n y Escalerillas: <\/a>En esta ruta se combina senderismo, naturaleza y visita de monumentos. Se puede tomar la ruta muy cerca de la vivienda, bajando por el camino hacia Daroca. Tiene 4.5Km de longitud y es de dificultad baja-moderada. Recomendamos bajar primero por el camino forestal hasta el torre\u00f3n del Jaque o de la p\u00f3lvora, visitar nevero, murallas, castillo, bajar por ermita de Nazaret, llegar a Daroca por la Grajera y visitar Colegial, Puerta Alta, Puerta Baja&#8230;., hacer alguna compra, tomar un aperitivo y nada m\u00e1s pasar la Puerta Baja retomar la ruta a la derecha para regresar a la vivienda subiendo entre pinares por la Rambla del Punz\u00f3n. Se pasea fresco y&nbsp; entre pinares. La ruta est\u00e1 bien se\u00f1alizada<\/li>\n<li><a href=\"https:\/\/es.wikiloc.com\/rutas-senderismo\/ruta-del-castillo-y-las-murallas-de-daroca-1637453\" target=\"_blank\" rel=\"noopener\">Ruta de las murallas <\/a>: De unos 2.5 Km de longitud, Se puede realizar a pie y rodear Daroca por sus murallas. Tambi\u00e9n recomendamos ampliar la ruta e ir de Puerta Alta a puerta Baja sin pasar por Daroca a trav\u00e9s de <a href=\"https:\/\/patrimonioculturaldearagon.es\/patrimonio\/la-mina\/\" target=\"_blank\" rel=\"noopener noreferrer\">la Mina de Daroca<\/a> .<\/li>\n<li><a href=\"https:\/\/es.wikiloc.com\/rutas-senderismo\/camino-azul-casa-de-los-pinos-san-cristobal-21023348\">Camino Azul, casa de los pinos, San Cristobal<\/a>: Esta ruta pasa por nuestra vivienda. Tiene una longitud de algo m\u00e1s de 9 Km y es una buena opci\u00f3n realizarla en bicicleta.<br>\n<div id=\"attachment_290\" style=\"width: 363px\" class=\"wp-caption aligncenter\"><img loading=\"lazy\" decoding=\"async\" aria-describedby=\"caption-attachment-290\" class=\"wp-image-290\" src=\"http:\/\/casilladelpinar.com\/wp-content\/uploads\/2021\/05\/camino-azul-300x225.jpg\" alt=\"\" width=\"353\" height=\"265\" srcset=\"https:\/\/casilladelpinar.com\/wp-content\/uploads\/2021\/05\/camino-azul-300x225.jpg 300w, https:\/\/casilladelpinar.com\/wp-content\/uploads\/2021\/05\/camino-azul-1024x768.jpg 1024w, https:\/\/casilladelpinar.com\/wp-content\/uploads\/2021\/05\/camino-azul-768x576.jpg 768w, https:\/\/casilladelpinar.com\/wp-content\/uploads\/2021\/05\/camino-azul-1536x1152.jpg 1536w, https:\/\/casilladelpinar.com\/wp-content\/uploads\/2021\/05\/camino-azul-624x468.jpg 624w, https:\/\/casilladelpinar.com\/wp-content\/uploads\/2021\/05\/camino-azul.jpg 1600w\" sizes=\"auto, (max-width: 353px) 100vw, 353px\" \/><p id=\"caption-attachment-290\" class=\"wp-caption-text\">Rutas senderistas. Camino azul<\/p><\/div>\n<\/li>\n<li style=\"text-align: center;\"><a href=\"https:\/\/viasverdes.com\/itinerarios\/santander-mediterraneo-daroca-jiloca\/\" target=\"_blank\" rel=\"noopener\">V\u00eda verde Santander-Mediterr\u00e1neo<\/a>: De reciente creaci\u00f3n, junto a Daroca, y pegada al r\u00edo Jiloca discurre el antiguo trazado ferroviario que ha sido transformado en una fant\u00e1stica v\u00eda verde para pasear, ir en bicicleta o veh\u00edculo de movilidad personal. Actualmente tiene una longitud de unos 70Km uniendo Murero con Ojos Negros, pasando por Daroca. En un futuro enlazar\u00e1 con el tramo de Calatayud. Est\u00e1 dotada de merenderos y sitios donde descansar. Recomendamos utilizarla para subir el Jiloca hasta San Mart\u00edn del R\u00edo, o para bajar el Jiloca hasta Murero e incluso cruzar un largo t\u00fanel. Una vez tomada la v\u00eda verde, su trazado es completamente llano, y muy adecuado para ir con ni\u00f1os a pasear o hacer un picnic.<br>\n<div id=\"attachment_120\" style=\"width: 391px\" class=\"wp-caption alignnone\"><img loading=\"lazy\" decoding=\"async\" aria-describedby=\"caption-attachment-120\" class=\"wp-image-120\" src=\"http:\/\/casilladelpinar.com\/wp-content\/uploads\/2019\/12\/tunel-300x225.jpg\" alt=\"\" width=\"381\" height=\"286\" srcset=\"https:\/\/casilladelpinar.com\/wp-content\/uploads\/2019\/12\/tunel-300x225.jpg 300w, https:\/\/casilladelpinar.com\/wp-content\/uploads\/2019\/12\/tunel-768x576.jpg 768w, https:\/\/casilladelpinar.com\/wp-content\/uploads\/2019\/12\/tunel-1024x768.jpg 1024w, https:\/\/casilladelpinar.com\/wp-content\/uploads\/2019\/12\/tunel-624x468.jpg 624w, https:\/\/casilladelpinar.com\/wp-content\/uploads\/2019\/12\/tunel.jpg 1599w\" sizes=\"auto, (max-width: 381px) 100vw, 381px\" \/><p id=\"caption-attachment-120\" class=\"wp-caption-text\">T\u00fanel en la v\u00eda verde<\/p><\/div>\n<\/li>\n<li>Otras rutas en bicicleta: Para los que est\u00e9n fuertes, recomendamos visitar la p\u00e1gina <a href=\"https:\/\/www.ibericabike.es\/\">Ib\u00e9rica Bike<\/a> d\u00f3nde se muestran muchas rutas de diferente dificultad para realizar con mountain bike.<\/li>\n<li>Visitas guiadas por Daroca Monumental, arte e historia. (Contactar con la&nbsp;<a href=\"http:\/\/www.daroca.es\/turismo\/index.php?id=4\">Oficina de Turismo<\/a>)<\/li>\n<li>Micolog\u00eda: Pinares de Daroca y Orcajo (Pinsapar).<\/li>\n<li><a href=\"http:\/\/www.caminodelcid.org\/\">El camino del Cid<\/a><\/li>\n<li>En bicicleta hasta&nbsp;<a href=\"http:\/\/www.anento.es\/\">Anento<\/a>&nbsp;y el Aguallueve (a unos 15 Km)<\/li>\n<li>&nbsp;Museos en Daroca:&nbsp;<a href=\"https:\/\/pasteleriasmanuelsegura.com\/visita-nuestro-museo\/\" target=\"_blank\" rel=\"noopener\">Museo de la Pasteler\u00eda,<\/a>&nbsp;&nbsp;<a href=\"https:\/\/updaroca.com\/basilica\/museo\/\" target=\"_blank\" rel=\"noopener\">Museo de la Bas\u00edlica de los Sagrados Corporales de Daroca<\/a>,&nbsp;<a href=\"https:\/\/aragonturismo.com\/ver\/museo-de-la-naturaleza-de-daroca\/\" target=\"_blank\" rel=\"noopener\">Museo de la Naturaleza<\/a>, <a href=\"https:\/\/darocaturismo.es\/que-ver\/museos\/\" target=\"_blank\" rel=\"noopener noreferrer\">Museo de Arte e Historia de Daroca<\/a><\/li>\n<\/ul>\n<p><!--more--><\/p>\n<div id=\"attachment_65\" style=\"width: 490px\" class=\"wp-caption aligncenter\"><img loading=\"lazy\" decoding=\"async\" aria-describedby=\"caption-attachment-65\" class=\"wp-image-65 \" src=\"http:\/\/casilladelpinar.com\/wp-content\/uploads\/2017\/12\/daroca-puerta-baja-300x225.jpg\" alt=\"daroca puerta baja\" width=\"480\" height=\"360\" srcset=\"https:\/\/casilladelpinar.com\/wp-content\/uploads\/2017\/12\/daroca-puerta-baja-300x225.jpg 300w, https:\/\/casilladelpinar.com\/wp-content\/uploads\/2017\/12\/daroca-puerta-baja-768x576.jpg 768w, https:\/\/casilladelpinar.com\/wp-content\/uploads\/2017\/12\/daroca-puerta-baja-624x468.jpg 624w, https:\/\/casilladelpinar.com\/wp-content\/uploads\/2017\/12\/daroca-puerta-baja.jpg 970w\" sizes=\"auto, (max-width: 480px) 100vw, 480px\" \/><p id=\"caption-attachment-65\" class=\"wp-caption-text\">Ruejo y Puerta Baja de Daroca<\/p><\/div>\n<h3>FESTIVALES Y EVENTOS EN DAROCA<\/h3>\n<ul>\n<li><a href=\"https:\/\/mapss.es\/darocamedieval\/\" target=\"_blank\" rel=\"noopener noreferrer\">Feria Medieval de Daroca. Fiesta de inter\u00e9s tur\u00edstico<\/a>. (\u00daltimo fin de semana de Julio)<\/li>\n<li><a href=\"https:\/\/musica-antigua-daroca.es\/festival-de-musica-antigua\/\" target=\"_blank\" rel=\"noopener noreferrer\">Curso y Festival de M\u00fasica Antigua de Daroca<\/a> (1\u00aa quincena de Agosto)<\/li>\n<li>Festival de Cine de Daroca:&nbsp;&nbsp;<a href=\"http:\/\/www.festivalcinedaroca.com\/\">DAROCA&amp;PRISION FILM FEST<\/a>&nbsp; (Noviembre).<\/li>\n<li>Jornadas de M\u00fasica Coral (Noviembre y diciembre)<\/li>\n<li>Hogueras: A lo largo del invierno se celebran en Daroca las tradicionales hogueras en honor a San Valero, Santa \u00c1gueda, San Mart\u00edn, &#8230;<\/li>\n<li>Semana Santa en Daroca (Abril)<\/li>\n<li>Fiestas del Corpus (Mayo-Junio).<\/li>\n<li>Festividad de San Crist\u00f3bal&nbsp; (mitad de Julio)<\/li>\n<\/ul>\n<div id=\"attachment_66\" style=\"width: 437px\" class=\"wp-caption aligncenter\"><img loading=\"lazy\" decoding=\"async\" aria-describedby=\"caption-attachment-66\" class=\"wp-image-66 \" src=\"http:\/\/casilladelpinar.com\/wp-content\/uploads\/2017\/12\/medieval-300x225.jpg\" alt=\"medieval\" width=\"427\" height=\"320\" srcset=\"https:\/\/casilladelpinar.com\/wp-content\/uploads\/2017\/12\/medieval-300x225.jpg 300w, https:\/\/casilladelpinar.com\/wp-content\/uploads\/2017\/12\/medieval.jpg 365w\" sizes=\"auto, (max-width: 427px) 100vw, 427px\" \/><p id=\"caption-attachment-66\" class=\"wp-caption-text\">Ferias Medievales en Daroca<\/p><\/div>\n<p>&nbsp;<\/p>\n<div id=\"attachment_64\" style=\"width: 195px\" class=\"wp-caption aligncenter\"><img loading=\"lazy\" decoding=\"async\" aria-describedby=\"caption-attachment-64\" class=\"wp-image-64 size-medium\" src=\"http:\/\/casilladelpinar.com\/wp-content\/uploads\/2017\/12\/musuca-antigua-185x300.jpg\" alt=\"musuca antigua\" width=\"185\" height=\"300\" srcset=\"https:\/\/casilladelpinar.com\/wp-content\/uploads\/2017\/12\/musuca-antigua-185x300.jpg 185w, https:\/\/casilladelpinar.com\/wp-content\/uploads\/2017\/12\/musuca-antigua.jpg 513w\" sizes=\"auto, (max-width: 185px) 100vw, 185px\" \/><p id=\"caption-attachment-64\" class=\"wp-caption-text\">M\u00fasica Antigua. Primera semana de Agosto<\/p><\/div>\n<p>&nbsp;<\/p>\n<div id=\"attachment_63\" style=\"width: 680px\" class=\"wp-caption aligncenter\"><img loading=\"lazy\" decoding=\"async\" aria-describedby=\"caption-attachment-63\" class=\"wp-image-63 size-full\" src=\"http:\/\/casilladelpinar.com\/wp-content\/uploads\/2017\/12\/mapamurallas-copia.gif\" alt=\"mapamurallas - copia\" width=\"670\" height=\"711\"><p id=\"caption-attachment-63\" class=\"wp-caption-text\">Mapa de la ruta de las murallas de Daroca<\/p><\/div>\n<p><img loading=\"lazy\" decoding=\"async\" class=\"wp-image-93 size-full aligncenter\" src=\"http:\/\/casilladelpinar.com\/wp-content\/uploads\/2017\/12\/maparutamonu1.png\" alt=\"maparutamonu1\" width=\"670\" height=\"553\" srcset=\"https:\/\/casilladelpinar.com\/wp-content\/uploads\/2017\/12\/maparutamonu1.png 670w, https:\/\/casilladelpinar.com\/wp-content\/uploads\/2017\/12\/maparutamonu1-300x248.png 300w, https:\/\/casilladelpinar.com\/wp-content\/uploads\/2017\/12\/maparutamonu1-624x515.png 624w\" sizes=\"auto, (max-width: 670px) 100vw, 670px\" \/><\/p>\n<div id=\"attachment_62\" style=\"width: 410px\" class=\"wp-caption aligncenter\"><img loading=\"lazy\" decoding=\"async\" aria-describedby=\"caption-attachment-62\" class=\"wp-image-62 size-full\" src=\"http:\/\/casilladelpinar.com\/wp-content\/uploads\/2017\/12\/daroca-comic.jpg\" alt=\"daroca comic\" width=\"400\" height=\"283\" srcset=\"https:\/\/casilladelpinar.com\/wp-content\/uploads\/2017\/12\/daroca-comic.jpg 400w, https:\/\/casilladelpinar.com\/wp-content\/uploads\/2017\/12\/daroca-comic-300x212.jpg 300w\" sizes=\"auto, (max-width: 400px) 100vw, 400px\" \/><p id=\"caption-attachment-62\" class=\"wp-caption-text\">Mapa de Daroca monumental por Moratha (gran dibujante de c\u00f3mics darocense)<\/p><\/div>\n\n\n<p><\/p>\n","protected":false},"excerpt":{"rendered":"<p>Por su emplazamiento privilegiado, en la casilla se&nbsp; disfruta de la tranquilidad&nbsp;y la naturaleza.&nbsp; En verano las noches son frescas y estrelladas. En oto\u00f1o florece el azafr\u00e1n y es un lugar id\u00f3neo para recoger setas.&nbsp; RUTAS EN COCHE: Monasterio de Piedra, ruta por las Hoces del Piedra (a unos 60Km de Daroca) Migraci\u00f3n de las grullas.&nbsp;Laguna de Gallocanta&nbsp;(a 25Km) Anento,&#8230; <a href=\"https:\/\/casilladelpinar.com\/?page_id=52\">Leer m\u00e1s &raquo;<\/a><\/p>\n","protected":false},"author":1,"featured_media":0,"parent":0,"menu_order":0,"comment_status":"closed","ping_status":"closed","template":"","meta":{"ngg_post_thumbnail":0,"footnotes":""},"class_list":["post-52","page","type-page","status-publish","hentry"],"_links":{"self":[{"href":"https:\/\/casilladelpinar.com\/index.php?rest_route=\/wp\/v2\/pages\/52","targetHints":{"allow":["GET"]}}],"collection":[{"href":"https:\/\/casilladelpinar.com\/index.php?rest_route=\/wp\/v2\/pages"}],"about":[{"href":"https:\/\/casilladelpinar.com\/index.php?rest_route=\/wp\/v2\/types\/page"}],"author":[{"embeddable":true,"href":"https:\/\/casilladelpinar.com\/index.php?rest_route=\/wp\/v2\/users\/1"}],"replies":[{"embeddable":true,"href":"https:\/\/casilladelpinar.com\/index.php?rest_route=%2Fwp%2Fv2%2Fcomments&post=52"}],"version-history":[{"count":36,"href":"https:\/\/casilladelpinar.com\/index.php?rest_route=\/wp\/v2\/pages\/52\/revisions"}],"predecessor-version":[{"id":380,"href":"https:\/\/casilladelpinar.com\/index.php?rest_route=\/wp\/v2\/pages\/52\/revisions\/380"}],"wp:attachment":[{"href":"https:\/\/casilladelpinar.com\/index.php?rest_route=%2Fwp%2Fv2%2Fmedia&parent=52"}],"curies":[{"name":"wp","href":"https:\/\/api.w.org\/{rel}","templated":true}]}}