{"id":76,"date":"2017-12-29T08:26:49","date_gmt":"2017-12-29T08:26:49","guid":{"rendered":"http:\/\/casilladelpinar.com\/?page_id=76"},"modified":"2022-02-11T10:57:16","modified_gmt":"2022-02-11T10:57:16","slug":"como-llegar","status":"publish","type":"page","link":"https:\/\/casilladelpinar.com\/?page_id=76","title":{"rendered":"\u00bfC\u00d3MO LLEGAR?"},"content":{"rendered":"<p align=\"justify\">La casa est\u00e1 ubicada en el \u00e1rea recreativa del Pinar de Daroca (Zaragoza-Espa\u00f1a), a 500 metros de las instalaciones de las Brigadas forestales de intervenci\u00f3n r\u00e1pida, y a 1.5 km del casco antiguo de la ciudad de Daroca.<\/p>\n<p align=\"justify\">Coordenadas G.P.S.: 41.127049,-1.414223<\/p>\n<p style=\"text-align: center;\"><iframe loading=\"lazy\" style=\"border: 0;\" src=\"https:\/\/www.google.com\/maps\/embed?pb=!1m14!1m8!1m3!1d24045.1770104328!2d-1.4196386054726626!3d41.1203971176445!3m2!1i1024!2i768!4f13.1!3m3!1m2!1s0x0%3A0x6258edce8c54d901!2sLA%20CASILLA%20DEL%20PINAR!5e0!3m2!1ses!2sie!4v1644576619247!5m2!1ses!2sie\" width=\"600\" height=\"450\" allowfullscreen=\"allowfullscreen\"><\/iframe><\/p>\n<p>Puedes tambi\u00e9n compartir la ubicaci\u00f3n enviando este enlace: <a href=\"https:\/\/goo.gl\/maps\/dVTHorWW85jHXUAm9\">https:\/\/goo.gl\/maps\/dVTHorWW85jHXUAm9<\/a><\/p>\n<p>Existen dos formas de llegar a la casa:<\/p>\n<p><strong>1\u00aa) FORMA DE LLEGAR EN COCHE:<\/strong>&nbsp;Por la carretera N-234, km 224.4 , <strong>viniendo desde Calatayud<\/strong>, tomar un desv\u00edo a la derecha que nos lleva al pinar. Recorrer 2 Km por camino asfaltado hasta llegar a la casa forestal y sede de la BRIF (brigadas antiincendios). Tomar camino asfaltado a la derecha&nbsp; y recorrer 500 m aprox. (los \u00faltimos 300 m est\u00e1n sin asfaltar). Si se viene desde Daroca por la carretera N-234 hay que pasar el desv\u00edo y&nbsp; hacer un cambio de sentido con precauci\u00f3n.<\/p>\n<p><strong>2\u00aa) FORMA DE LLEGAR DESDE DAROCA POR CAMINO FORESTAL:<\/strong> Se llega tomando el camino que nos lleva hacia el Torre\u00f3n de San Cristobal, situado junto a la casa cuartel de la guardia civil (2 Km de recorrido).<\/p>\n<p><strong>3\u00aa)<\/strong> <strong>FORMA DE LLEGAR DESDE DAROCA POR ERMITA DE NAZARET (CAMINO M\u00c1S CORTO ANDANDO),&nbsp;<\/strong>se llega subiendo la calle Grajera hasta la ermita de Nazaret, y desde ah\u00ed subiendo las escaleras que llegan al pinar, al nevero y al Muro del Jaque o de la P\u00f3lvora. Desde ah\u00ed continuar ascendiendo por el camino forestal hasta llegar a la vivienda (1,5 Km de distancia total con bonitas vistas de Daroca y el pinar)<\/p>\n<p style=\"text-align: center;\" align=\"justify\">&nbsp;<img loading=\"lazy\" decoding=\"async\" class=\"aligncenter wp-image-80 size-large\" src=\"http:\/\/casilladelpinar.com\/wp-content\/uploads\/2017\/12\/plano5-1024x849.jpg\" alt=\"plano5\" width=\"625\" height=\"518\" srcset=\"https:\/\/casilladelpinar.com\/wp-content\/uploads\/2017\/12\/plano5-1024x849.jpg 1024w, https:\/\/casilladelpinar.com\/wp-content\/uploads\/2017\/12\/plano5-300x249.jpg 300w, https:\/\/casilladelpinar.com\/wp-content\/uploads\/2017\/12\/plano5-768x637.jpg 768w, https:\/\/casilladelpinar.com\/wp-content\/uploads\/2017\/12\/plano5-624x518.jpg 624w, https:\/\/casilladelpinar.com\/wp-content\/uploads\/2017\/12\/plano5.jpg 1043w\" sizes=\"auto, (max-width: 625px) 100vw, 625px\" \/><\/p>\n\n\n<p><\/p>\n\n\n\n<div class=\"wp-block-image\"><figure class=\"aligncenter is-resized\"><img loading=\"lazy\" decoding=\"async\" src=\"http:\/\/casilladelpinar.com\/wp-content\/uploads\/2020\/07\/VISTA-GENERAL-4-1024x769.jpg\" alt=\"\" class=\"wp-image-248\" width=\"567\" height=\"425\" srcset=\"https:\/\/casilladelpinar.com\/wp-content\/uploads\/2020\/07\/VISTA-GENERAL-4-1024x769.jpg 1024w, https:\/\/casilladelpinar.com\/wp-content\/uploads\/2020\/07\/VISTA-GENERAL-4-300x225.jpg 300w, https:\/\/casilladelpinar.com\/wp-content\/uploads\/2020\/07\/VISTA-GENERAL-4-768x576.jpg 768w, https:\/\/casilladelpinar.com\/wp-content\/uploads\/2020\/07\/VISTA-GENERAL-4-624x468.jpg 624w, https:\/\/casilladelpinar.com\/wp-content\/uploads\/2020\/07\/VISTA-GENERAL-4.jpg 1279w\" sizes=\"auto, (max-width: 567px) 100vw, 567px\" \/><\/figure><\/div>\n","protected":false},"excerpt":{"rendered":"<p>La casa est\u00e1 ubicada en el \u00e1rea recreativa del Pinar de Daroca (Zaragoza-Espa\u00f1a), a 500 metros de las instalaciones de las Brigadas forestales de intervenci\u00f3n r\u00e1pida, y a 1.5 km del casco antiguo de la ciudad de Daroca. Coordenadas G.P.S.: 41.127049,-1.414223 Puedes tambi\u00e9n compartir la ubicaci\u00f3n enviando este enlace: https:\/\/goo.gl\/maps\/dVTHorWW85jHXUAm9 Existen dos formas de llegar a la casa: 1\u00aa) FORMA&#8230; <a href=\"https:\/\/casilladelpinar.com\/?page_id=76\">Leer m\u00e1s &raquo;<\/a><\/p>\n","protected":false},"author":1,"featured_media":0,"parent":0,"menu_order":0,"comment_status":"closed","ping_status":"closed","template":"","meta":{"ngg_post_thumbnail":0,"footnotes":""},"class_list":["post-76","page","type-page","status-publish","hentry"],"_links":{"self":[{"href":"https:\/\/casilladelpinar.com\/index.php?rest_route=\/wp\/v2\/pages\/76","targetHints":{"allow":["GET"]}}],"collection":[{"href":"https:\/\/casilladelpinar.com\/index.php?rest_route=\/wp\/v2\/pages"}],"about":[{"href":"https:\/\/casilladelpinar.com\/index.php?rest_route=\/wp\/v2\/types\/page"}],"author":[{"embeddable":true,"href":"https:\/\/casilladelpinar.com\/index.php?rest_route=\/wp\/v2\/users\/1"}],"replies":[{"embeddable":true,"href":"https:\/\/casilladelpinar.com\/index.php?rest_route=%2Fwp%2Fv2%2Fcomments&post=76"}],"version-history":[{"count":17,"href":"https:\/\/casilladelpinar.com\/index.php?rest_route=\/wp\/v2\/pages\/76\/revisions"}],"predecessor-version":[{"id":349,"href":"https:\/\/casilladelpinar.com\/index.php?rest_route=\/wp\/v2\/pages\/76\/revisions\/349"}],"wp:attachment":[{"href":"https:\/\/casilladelpinar.com\/index.php?rest_route=%2Fwp%2Fv2%2Fmedia&parent=76"}],"curies":[{"name":"wp","href":"https:\/\/api.w.org\/{rel}","templated":true}]}}